{"id":2462,"date":"2022-01-03T23:50:26","date_gmt":"2022-01-03T23:50:26","guid":{"rendered":"https:\/\/bukoveczandmunoz.mx\/?page_id=2462"},"modified":"2022-12-05T18:39:23","modified_gmt":"2022-12-05T18:39:23","slug":"recuperacion-predial","status":"publish","type":"page","link":"https:\/\/bukoveczandmunoz.mx\/?page_id=2462","title":{"rendered":"Recuperaci\u00f3n predial 2021 y 2022 CDMX"},"content":{"rendered":"<!-- Added by Post\/Page specific custom CSS plugin, thank you for using! -->\n<style>#text-3, #text-4{\r\n\t\tdisplay: none;\r\n\t}\r\n\r\n#wrapper > header > div.info > div > div > div.col-md-8 > div > div:nth-child(3), #wrapper > header > div.info > div > div > div.col-md-8 > div > div:nth-child(4), #wrapper > header > div.info > div > div > div.col-md-8 > div > div:nth-child(8){\r\ndisplay: none;\r\n}\r\n\r\n#wrapper > header > div.info > div > div > div.col-md-8 > div > div:nth-child(1) {\r\n    position: relative;\t  \r\n\ttop:8vh;\r\n}\r\n\r\n#wrapper > header > div.info > div > div > div.col-md-8 > div > div:nth-child(2) {\r\n    position: relative;\t  \r\n\tleft: -34%;\r\n    top: 10.5vh;\r\n}\r\n\r\n#wrapper > header > div.info > div > div > div.col-md-8 > div > div:nth-child(11) {\r\n   top: 7vh !important;\r\n    left: 0% !important;\r\n}\r\n\r\n#wrapper > header > div.info > div > div > div.col-md-8 > div > div:nth-child(9) {\r\n    position: relative;\t  \r\nleft: -64%;\r\n    top: 7.75vh !important;\r\n}\r\n\r\n@media only screen and (min-width: 900px) and (-webkit-device-pixel-ratio: 1.5) {\r\n#wrapper > header > div.info > div > div > div.col-md-8 > div > div:nth-child(9){\t\t\r\n\ttop: 11.5vh !important;\r\n    left: -58.5% !important;\r\n}\r\n\r\n#wrapper > header > div.info > div > div > div.col-md-8 > div > div:nth-child(11){\t\t\r\n\ttop: 11vh !important;\r\n\r\n}\r\n}<\/style>\n<p>[vc_row css=&#8221;.vc_custom_1641323972079{margin-bottom: -80px !important;}&#8221;][vc_column width=&#8221;1\/4&#8243;][\/vc_column][vc_column width=&#8221;1\/2&#8243;][vc_column_text]<\/p>\n<h1 style=\"text-align: center;\">Recuperaci\u00f3n predial 2021 y 2022 CDMX<\/h1>\n<p>[\/vc_column_text][\/vc_column][vc_column width=&#8221;1\/4&#8243;][\/vc_column][\/vc_row][vc_row el_id=&#8221;whoweare&#8221;][vc_column width=&#8221;1\/6&#8243; el_id=&#8221;whoweareiconbox&#8221; offset=&#8221;vc_hidden-sm vc_hidden-xs&#8221;][vc_empty_space]\n    <a class=\"btn btn-fx btn-line-black \" href=\"https:\/\/bukoveczandmunoz.mx\/?page_id=2450\" target=\"_self\">RECUPERACI\u00d3N GASTOS NOTARIALES<\/a>  \t\n\n    <a class=\"btn btn-fx btn-line-black \" href=\"https:\/\/bukoveczandmunoz.mx\/?page_id=2432\" target=\"_self\">Desarrolladores inmobiliarios<\/a>  \t\n\n    <a class=\"btn btn-fx btn-line-black \" href=\"https:\/\/bukoveczandmunoz.mx\/?page_id=2446\" target=\"_self\">Establecimientos mercantiles<\/a>  \t\n\n    <a class=\"btn btn-fx btn-line-black \" href=\"https:\/\/bukoveczandmunoz.mx\/?page_id=2779\" target=\"_self\">Civil y mercantil<\/a>  \t\n\n    <a class=\"btn btn-fx btn-line-black \" href=\"https:\/\/bukoveczandmunoz.mx\/?page_id=2456\" target=\"_self\">Derecho administrativo<\/a>  \t\n\n    <a class=\"btn btn-fx btn-line-black \" href=\"https:\/\/bukoveczandmunoz.mx\/?page_id=2459\" target=\"_self\">Marcas<\/a>  \t\n\n    <a class=\"btn btn-fx btn-line-black \" href=\"https:\/\/bukoveczandmunoz.mx\/?page_id=2453\" target=\"_self\">P\u00d3LIZA JUR\u00cdDICA PREVENTA INMOBILIARIA<\/a>  \t\n\n    <a class=\"btn btn-fx btn-line-black \" href=\"https:\/\/bukoveczandmunoz.mx\/?page_id=656\" target=\"_self\">INTERNATIONAL REAL ESTATE BUYERS<\/a>  \t\n[\/vc_column][vc_column width=&#8221;1\/2&#8243; offset=&#8221;vc_hidden-sm vc_hidden-xs&#8221;][vc_empty_space]\n\t\t<div class=\"feature-box-small-icon \">\n        <span class=\"icon\">\n        \t<i class=\"icon_clock_alt id-color\"><\/i>\n        <\/span>\n        <div class=\"text\">\n            <h3>Recuperaci\u00f3n predial 2021 y 2022 CDMX<\/h3>\n            <span style=\"font-family: Bookman Old Style, serif;\"><span style=\"font-size: large;\"><span lang=\"es-ES\">En <\/span><\/span><\/span><span style=\"font-family: Bookman Old Style, serif;\"><span style=\"font-size: large;\">nuestra firma podemos ayudarle a evitar el impuesto predial de los predios referidos por los a\u00f1os 2020 y 2021, siempre y cuando no los haya pagado, ya que el 6 de junio de este a\u00f1o la Jefa de Gobierno de la Ciudad de M\u00e9xico emiti\u00f3 un decreto donde se condona los adeudos por esos a\u00f1os, pero \u00fanicamente para ciertos inmuebles, lo cual consideramos inconstitucional ya que trata de forma inequitativa a los contribuyentes.<\/span><\/span><\/p>\n<p><span style=\"font-family: Bookman Old Style, serif;\"><span style=\"font-size: large;\"> Con base en nuestra experiencia consideramos tener un 90% de probabilidades de \u00e9xito.<\/span><\/span><\/p>\n<p><span style=\"font-family: Bookman Old Style, serif;\"><span style=\"font-size: large;\"> Para mauyor informaci\u00f3n comun\u00edquese con nosotros.<\/span><\/span>        <\/div>\n    <\/div>\n    \n[\/vc_column][vc_column width=&#8221;1\/3&#8243; offset=&#8221;vc_hidden-sm vc_hidden-xs&#8221;]<div role=\"form\" class=\"wpcf7\" id=\"wpcf7-f2974-o1\" lang=\"en-US\" dir=\"ltr\">\n<div class=\"screen-reader-response\"><p role=\"status\" aria-live=\"polite\" aria-atomic=\"true\"><\/p> <ul><\/ul><\/div>\n<form action=\"\/index.php?rest_route=%2Fwp%2Fv2%2Fpages%2F2462#wpcf7-f2974-o1\" method=\"post\" class=\"wpcf7-form init\" novalidate=\"novalidate\" data-status=\"init\">\n<div style=\"display: none;\">\n<input type=\"hidden\" name=\"_wpcf7\" value=\"2974\" \/>\n<input type=\"hidden\" name=\"_wpcf7_version\" value=\"5.5.6.1\" \/>\n<input type=\"hidden\" name=\"_wpcf7_locale\" value=\"en_US\" \/>\n<input type=\"hidden\" name=\"_wpcf7_unit_tag\" value=\"wpcf7-f2974-o1\" \/>\n<input type=\"hidden\" name=\"_wpcf7_container_post\" value=\"0\" \/>\n<input type=\"hidden\" name=\"_wpcf7_posted_data_hash\" value=\"\" \/>\n<\/div>\n<div id='contact_form' class=\"padding30\" data-bgcolor=\"#f5f5f5\">\n<h3>AGENDA UNA CITA<span class=\"tiny-border\"><\/span><\/h3>\n<div class=\"row\">\n<div class=\"col-md-12\">\n<div id='name_error' class='error'>Introduce los datos correctamente.<\/div>\n<div>\n\t\t\t\t<span class=\"wpcf7-form-control-wrap your-name\"><input type=\"text\" name=\"your-name\" value=\"\" size=\"40\" class=\"wpcf7-form-control wpcf7-text wpcf7-validates-as-required form-control\" aria-required=\"true\" aria-invalid=\"false\" placeholder=\"Nombre\" \/><\/span>\n\t\t\t<\/div>\n<div>\n\t\t\t\t<span class=\"wpcf7-form-control-wrap your-phone\"><input type=\"tel\" name=\"your-phone\" value=\"\" size=\"40\" class=\"wpcf7-form-control wpcf7-text wpcf7-tel wpcf7-validates-as-tel form-control\" aria-invalid=\"false\" placeholder=\"Tel\u00e9fono\" \/><\/span>\n\t\t\t<\/div>\n<div>\n\t\t\t\t<span class=\"wpcf7-form-control-wrap your-email\"><input type=\"email\" name=\"your-email\" value=\"\" size=\"40\" class=\"wpcf7-form-control wpcf7-text wpcf7-email wpcf7-validates-as-required wpcf7-validates-as-email form-control\" aria-required=\"true\" aria-invalid=\"false\" placeholder=\"Email\" \/><\/span>\n\t\t\t<\/div>\n<\/div>\n<div class=\"col-md-12\">\n<div id='submit'>\n\t\t\t\t<input type=\"submit\" value=\"ENVIAR\" class=\"wpcf7-form-control has-spinner wpcf7-submit btn btn-line\" \/>\n\t\t\t<\/div>\n<\/div>\n<\/div>\n<\/div>\n<input type='hidden' class='wpcf7-pum' value='{\"closepopup\":false,\"closedelay\":0,\"openpopup\":false,\"openpopup_id\":0}' \/><div class=\"wpcf7-response-output\" aria-hidden=\"true\"><\/div><\/form><\/div>[\/vc_column][\/vc_row][vc_row][vc_column width=&#8221;1\/6&#8243; css=&#8221;.vc_custom_1670265395054{padding-right: 250px !important;}&#8221; offset=&#8221;vc_hidden-lg vc_hidden-md&#8221;][\/vc_column][vc_column width=&#8221;1\/2&#8243; offset=&#8221;vc_hidden-lg vc_hidden-md&#8221;]\n\t\t<div class=\"feature-box-small-icon \">\n        <span class=\"icon\">\n        \t<i class=\"icon_clock_alt id-color\"><\/i>\n        <\/span>\n        <div class=\"text\">\n            <h3>Recuperaci\u00f3n predial 2021 y 2022 CDMX<\/h3>\n            <span style=\"font-family: Bookman Old Style, serif;\"><span style=\"font-size: large;\"><span lang=\"es-ES\">En <\/span><\/span><\/span><span style=\"font-family: Bookman Old Style, serif;\"><span style=\"font-size: large;\">nuestra firma podemos ayudarle a evitar el impuesto predial de los predios referidos por los a\u00f1os 2020 y 2021, siempre y cuando no los haya pagado, ya que el 6 de junio de este a\u00f1o la Jefa de Gobierno de la Ciudad de M\u00e9xico emiti\u00f3 un decreto donde se condona los adeudos por esos a\u00f1os, pero \u00fanicamente para ciertos inmuebles, lo cual consideramos inconstitucional ya que trata de forma inequitativa a los contribuyentes.<\/span><\/span><\/p>\n<p><span style=\"font-family: Bookman Old Style, serif;\"><span style=\"font-size: large;\"> Con base en nuestra experiencia consideramos tener un 90% de probabilidades de \u00e9xito.<\/span><\/span><\/p>\n<p><span style=\"font-family: Bookman Old Style, serif;\"><span style=\"font-size: large;\"> Para mauyor informaci\u00f3n comun\u00edquese con nosotros.<\/span><\/span>        <\/div>\n    <\/div>\n    \n[\/vc_column][vc_column width=&#8221;1\/3&#8243; offset=&#8221;vc_hidden-lg vc_hidden-md&#8221;]<div role=\"form\" class=\"wpcf7\" id=\"wpcf7-f2974-o2\" lang=\"en-US\" dir=\"ltr\">\n<div class=\"screen-reader-response\"><p role=\"status\" aria-live=\"polite\" aria-atomic=\"true\"><\/p> <ul><\/ul><\/div>\n<form action=\"\/index.php?rest_route=%2Fwp%2Fv2%2Fpages%2F2462#wpcf7-f2974-o2\" method=\"post\" class=\"wpcf7-form init\" novalidate=\"novalidate\" data-status=\"init\">\n<div style=\"display: none;\">\n<input type=\"hidden\" name=\"_wpcf7\" value=\"2974\" \/>\n<input type=\"hidden\" name=\"_wpcf7_version\" value=\"5.5.6.1\" \/>\n<input type=\"hidden\" name=\"_wpcf7_locale\" value=\"en_US\" \/>\n<input type=\"hidden\" name=\"_wpcf7_unit_tag\" value=\"wpcf7-f2974-o2\" \/>\n<input type=\"hidden\" name=\"_wpcf7_container_post\" value=\"0\" \/>\n<input type=\"hidden\" name=\"_wpcf7_posted_data_hash\" value=\"\" \/>\n<\/div>\n<div id='contact_form' class=\"padding30\" data-bgcolor=\"#f5f5f5\">\n<h3>AGENDA UNA CITA<span class=\"tiny-border\"><\/span><\/h3>\n<div class=\"row\">\n<div class=\"col-md-12\">\n<div id='name_error' class='error'>Introduce los datos correctamente.<\/div>\n<div>\n\t\t\t\t<span class=\"wpcf7-form-control-wrap your-name\"><input type=\"text\" name=\"your-name\" value=\"\" size=\"40\" class=\"wpcf7-form-control wpcf7-text wpcf7-validates-as-required form-control\" aria-required=\"true\" aria-invalid=\"false\" placeholder=\"Nombre\" \/><\/span>\n\t\t\t<\/div>\n<div>\n\t\t\t\t<span class=\"wpcf7-form-control-wrap your-phone\"><input type=\"tel\" name=\"your-phone\" value=\"\" size=\"40\" class=\"wpcf7-form-control wpcf7-text wpcf7-tel wpcf7-validates-as-tel form-control\" aria-invalid=\"false\" placeholder=\"Tel\u00e9fono\" \/><\/span>\n\t\t\t<\/div>\n<div>\n\t\t\t\t<span class=\"wpcf7-form-control-wrap your-email\"><input type=\"email\" name=\"your-email\" value=\"\" size=\"40\" class=\"wpcf7-form-control wpcf7-text wpcf7-email wpcf7-validates-as-required wpcf7-validates-as-email form-control\" aria-required=\"true\" aria-invalid=\"false\" placeholder=\"Email\" \/><\/span>\n\t\t\t<\/div>\n<\/div>\n<div class=\"col-md-12\">\n<div id='submit'>\n\t\t\t\t<input type=\"submit\" value=\"ENVIAR\" class=\"wpcf7-form-control has-spinner wpcf7-submit btn btn-line\" \/>\n\t\t\t<\/div>\n<\/div>\n<\/div>\n<\/div>\n<input type='hidden' class='wpcf7-pum' value='{\"closepopup\":false,\"closedelay\":0,\"openpopup\":false,\"openpopup_id\":0}' \/><div class=\"wpcf7-response-output\" aria-hidden=\"true\"><\/div><\/form><\/div>[\/vc_column][\/vc_row][vc_row][vc_column][\/vc_column][\/vc_row]<\/p>\n","protected":false},"excerpt":{"rendered":"<p>[vc_row css=&#8221;.vc_custom_1641323972079{margin-bottom: -80px !important;}&#8221;][vc_column width=&#8221;1\/4&#8243;][\/vc_column][vc_column width=&#8221;1\/2&#8243;][vc_column_text] Recuperaci\u00f3n predial 2021 y 2022 CDMX [\/vc_column_text][\/vc_column][vc_column width=&#8221;1\/4&#8243;][\/vc_column][\/vc_row][vc_row el_id=&#8221;whoweare&#8221;][vc_column width=&#8221;1\/6&#8243; el_id=&#8221;whoweareiconbox&#8221; offset=&#8221;vc_hidden-sm vc_hidden-xs&#8221;][vc_empty_space][\/vc_column][vc_column width=&#8221;1\/2&#8243; offset=&#8221;vc_hidden-sm vc_hidden-xs&#8221;][vc_empty_space][\/vc_column][vc_column width=&#8221;1\/3&#8243; offset=&#8221;vc_hidden-sm vc_hidden-xs&#8221;][\/vc_column][\/vc_row][vc_row][vc_column width=&#8221;1\/6&#8243; css=&#8221;.vc_custom_1670265395054{padding-right: 250px !important;}&#8221; offset=&#8221;vc_hidden-lg vc_hidden-md&#8221;][\/vc_column][vc_column width=&#8221;1\/2&#8243; offset=&#8221;vc_hidden-lg vc_hidden-md&#8221;][\/vc_column][vc_column width=&#8221;1\/3&#8243; offset=&#8221;vc_hidden-lg vc_hidden-md&#8221;][\/vc_column][\/vc_row][vc_row][vc_column][\/vc_column][\/vc_row]<\/p>\n","protected":false},"author":1,"featured_media":0,"parent":0,"menu_order":0,"comment_status":"closed","ping_status":"closed","template":"page-templates\/template-fullwidth.php","meta":{"footnotes":""},"class_list":["post-2462","page","type-page","status-publish","hentry"],"_links":{"self":[{"href":"https:\/\/bukoveczandmunoz.mx\/index.php?rest_route=\/wp\/v2\/pages\/2462","targetHints":{"allow":["GET"]}}],"collection":[{"href":"https:\/\/bukoveczandmunoz.mx\/index.php?rest_route=\/wp\/v2\/pages"}],"about":[{"href":"https:\/\/bukoveczandmunoz.mx\/index.php?rest_route=\/wp\/v2\/types\/page"}],"author":[{"embeddable":true,"href":"https:\/\/bukoveczandmunoz.mx\/index.php?rest_route=\/wp\/v2\/users\/1"}],"replies":[{"embeddable":true,"href":"https:\/\/bukoveczandmunoz.mx\/index.php?rest_route=%2Fwp%2Fv2%2Fcomments&post=2462"}],"version-history":[{"count":10,"href":"https:\/\/bukoveczandmunoz.mx\/index.php?rest_route=\/wp\/v2\/pages\/2462\/revisions"}],"predecessor-version":[{"id":3174,"href":"https:\/\/bukoveczandmunoz.mx\/index.php?rest_route=\/wp\/v2\/pages\/2462\/revisions\/3174"}],"wp:attachment":[{"href":"https:\/\/bukoveczandmunoz.mx\/index.php?rest_route=%2Fwp%2Fv2%2Fmedia&parent=2462"}],"curies":[{"name":"wp","href":"https:\/\/api.w.org\/{rel}","templated":true}]}}