{"id":2928,"date":"2022-09-13T20:22:44","date_gmt":"2022-09-13T20:22:44","guid":{"rendered":"https:\/\/bukoveczandmunoz.mx\/?page_id=2928"},"modified":"2022-12-05T18:35:08","modified_gmt":"2022-12-05T18:35:08","slug":"recuperacion-predial-3","status":"publish","type":"page","link":"https:\/\/bukoveczandmunoz.mx\/?page_id=2928","title":{"rendered":"REDUCCI\u00d3N PREDIAL CDMX"},"content":{"rendered":"<!-- Added by Post\/Page specific custom CSS plugin, thank you for using! -->\n<style>#text-3, #text-4{\r\n\t\tdisplay: none;\r\n\t}\r\n\r\n#wrapper > header > div.info > div > div > div.col-md-8 > div > div:nth-child(3), #wrapper > header > div.info > div > div > div.col-md-8 > div > div:nth-child(4), #wrapper > header > div.info > div > div > div.col-md-8 > div > div:nth-child(8){\r\ndisplay: none;\r\n}\r\n\r\n#wrapper > header > div.info > div > div > div.col-md-8 > div > div:nth-child(1) {\r\n    position: relative;\t  \r\n\ttop:8vh;\r\n}\r\n\r\n#wrapper > header > div.info > div > div > div.col-md-8 > div > div:nth-child(2) {\r\n    position: relative;\t  \r\n\tleft: -34%;\r\n    top: 10.5vh;\r\n}\r\n\r\n#wrapper > header > div.info > div > div > div.col-md-8 > div > div:nth-child(11) {\r\n   top: 7vh !important;\r\n    left: 0% !important;\r\n}\r\n\r\n#wrapper > header > div.info > div > div > div.col-md-8 > div > div:nth-child(9) {\r\n    position: relative;\t  \r\nleft: -64%;\r\n    top: 7.75vh !important;\r\n}\r\n\r\n@media only screen and (min-width: 900px) and (-webkit-device-pixel-ratio: 1.5) {\r\n#wrapper > header > div.info > div > div > div.col-md-8 > div > div:nth-child(9){\t\t\r\n\ttop: 11.5vh !important;\r\n    left: -58.5% !important;\r\n}\r\n\r\n#wrapper > header > div.info > div > div > div.col-md-8 > div > div:nth-child(11){\t\t\r\n\ttop: 11vh !important;\r\n\r\n}\r\n}<\/style>\n<p>[vc_row css=&#8221;.vc_custom_1641323972079{margin-bottom: -80px !important;}&#8221;][vc_column width=&#8221;1\/4&#8243;][\/vc_column][vc_column width=&#8221;1\/2&#8243;][vc_column_text]<\/p>\n<h1 style=\"text-align: center;\"><span lang=\"es-ES\"><b>REDUCCI\u00d3N PREDIAL CDMX<\/b><\/span><\/h1>\n<p>[\/vc_column_text][\/vc_column][vc_column width=&#8221;1\/4&#8243;][\/vc_column][\/vc_row][vc_row el_id=&#8221;whoweare&#8221;][vc_column width=&#8221;1\/6&#8243; css=&#8221;.vc_custom_1670265280770{padding-right: 250px !important;}&#8221; el_id=&#8221;whoweareiconbox&#8221; offset=&#8221;vc_hidden-sm vc_hidden-xs&#8221;]\n    <a class=\"btn btn-fx btn-line-black \" href=\"https:\/\/bukoveczandmunoz.mx\/recuperacion-isai-predial-cdmx\/\" target=\"_self\">RECUPERACI\u00d3N ISAI Y PREDIAL CDMX<\/a>  \t\n\n    <a class=\"btn btn-fx btn-line-black \" href=\"https:\/\/bukoveczandmunoz.mx\/desarrolladores-inmobiliarios\/\" target=\"_self\">Desarrolladores inmobiliarios<\/a>  \t\n\n    <a class=\"btn btn-fx btn-line-black \" href=\"https:\/\/bukoveczandmunoz.mx\/establecimientos-mercantiles\/\" target=\"_self\">Establecimientos mercantiles<\/a>  \t\n\n    <a class=\"btn btn-fx btn-line-black \" href=\"https:\/\/bukoveczandmunoz.mx\/civil-mercantil\/\" target=\"_self\">Civil y mercantil<\/a>  \t\n\n    <a class=\"btn btn-fx btn-line-black \" href=\"https:\/\/bukoveczandmunoz.mx\/derecho-administrativo\/\" target=\"_self\">Derecho administrativo<\/a>  \t\n\n    <a class=\"btn btn-fx btn-line-black \" href=\"https:\/\/bukoveczandmunoz.mx\/marcas\/\" target=\"_self\">Marcas<\/a>  \t\n\n    <a class=\"btn btn-fx btn-line-black \" href=\"https:\/\/bukoveczandmunoz.mx\/derecho-alumbrado-publico\/\" target=\"_self\">Derecho de alumbrado p\u00fablico<\/a>  \t\n\n    <a class=\"btn btn-fx btn-line-black \" href=\"https:\/\/bukoveczandmunoz.mx\/home\/\" target=\"_self\">INTERNATIONAL REAL ESTATE BUYERS<\/a>  \t\n[\/vc_column][vc_column width=&#8221;1\/2&#8243; offset=&#8221;vc_hidden-sm vc_hidden-xs&#8221;][vc_empty_space]\n\t\t<div class=\"feature-box-small-icon \">\n        <span class=\"icon\">\n        \t<i class=\"icon_clock_alt id-color\"><\/i>\n        <\/span>\n        <div class=\"text\">\n            <h3><\/h3>\n            <span lang=\"es-ES\">El C\u00f3digo Fiscal de la Ciudad de M\u00e9xico establece diversos mecanismos con los que los contribuyentes pueden lograr reducciones importantes en el impuesto predial de sus propiedades, como por ejemplo:<\/span><\/p>\n<ul>\n<li><span lang=\"es-ES\">Levantamiento topogr\u00e1fico. Es un proceso en el que la Tesorer\u00eda revisa las caracter\u00edsticas del inmueble, a fin de logra la disminuci\u00f3n del valor catastral de la propiedad, lo que lleva a la reducci\u00f3n del impuesto.<\/span><\/li>\n<\/ul>\n<ul>\n<li><span lang=\"es-ES\">Reducci\u00f3n para personas de 60 a\u00f1os o m\u00e1s.<\/span><\/li>\n<\/ul>\n<ul>\n<li><span lang=\"es-ES\">Incentivo por \u00e1rea libre.<\/span><\/li>\n<\/ul>\n<ul>\n<li><span lang=\"es-ES\">Incentivos por temas ambientales.<\/span><\/li>\n<\/ul>\n<p><span lang=\"es-ES\">Podemos ayudarle a obtener estas reducciones en el impuesto predial de sus inmuebles.<\/span>        <\/div>\n    <\/div>\n    \n[\/vc_column][vc_column width=&#8221;1\/3&#8243; offset=&#8221;vc_hidden-sm vc_hidden-xs&#8221;]<div role=\"form\" class=\"wpcf7\" id=\"wpcf7-f2995-o1\" lang=\"en-US\" dir=\"ltr\">\n<div class=\"screen-reader-response\"><p role=\"status\" aria-live=\"polite\" aria-atomic=\"true\"><\/p> <ul><\/ul><\/div>\n<form action=\"\/index.php?rest_route=%2Fwp%2Fv2%2Fpages%2F2928#wpcf7-f2995-o1\" method=\"post\" class=\"wpcf7-form init\" novalidate=\"novalidate\" data-status=\"init\">\n<div style=\"display: none;\">\n<input type=\"hidden\" name=\"_wpcf7\" value=\"2995\" \/>\n<input type=\"hidden\" name=\"_wpcf7_version\" value=\"5.5.6.1\" \/>\n<input type=\"hidden\" name=\"_wpcf7_locale\" value=\"en_US\" \/>\n<input type=\"hidden\" name=\"_wpcf7_unit_tag\" value=\"wpcf7-f2995-o1\" \/>\n<input type=\"hidden\" name=\"_wpcf7_container_post\" value=\"0\" \/>\n<input type=\"hidden\" name=\"_wpcf7_posted_data_hash\" value=\"\" \/>\n<\/div>\n<div id='contact_form' class=\"padding30\" data-bgcolor=\"#f5f5f5\">\n<h3>AGENDA UNA CITA<span class=\"tiny-border\"><\/span><\/h3>\n<div class=\"row\">\n<div class=\"col-md-12\">\n<div id='name_error' class='error'>Introduce los datos correctamente.<\/div>\n<div>\n\t\t\t\t<span class=\"wpcf7-form-control-wrap your-name\"><input type=\"text\" name=\"your-name\" value=\"\" size=\"40\" class=\"wpcf7-form-control wpcf7-text wpcf7-validates-as-required form-control\" aria-required=\"true\" aria-invalid=\"false\" placeholder=\"Nombre\" \/><\/span>\n\t\t\t<\/div>\n<div>\n\t\t\t\t<span class=\"wpcf7-form-control-wrap your-phone\"><input type=\"tel\" name=\"your-phone\" value=\"\" size=\"40\" class=\"wpcf7-form-control wpcf7-text wpcf7-tel wpcf7-validates-as-tel form-control\" aria-invalid=\"false\" placeholder=\"Tel\u00e9fono\" \/><\/span>\n\t\t\t<\/div>\n<div>\n\t\t\t\t<span class=\"wpcf7-form-control-wrap your-email\"><input type=\"email\" name=\"your-email\" value=\"\" size=\"40\" class=\"wpcf7-form-control wpcf7-text wpcf7-email wpcf7-validates-as-required wpcf7-validates-as-email form-control\" aria-required=\"true\" aria-invalid=\"false\" placeholder=\"Email\" \/><\/span>\n\t\t\t<\/div>\n<\/div>\n<div class=\"col-md-12\">\n<div id='submit'>\n\t\t\t\t<input type=\"submit\" value=\"ENVIAR\" class=\"wpcf7-form-control has-spinner wpcf7-submit btn btn-line\" \/>\n\t\t\t<\/div>\n<\/div>\n<\/div>\n<\/div>\n<input type='hidden' class='wpcf7-pum' value='{\"closepopup\":false,\"closedelay\":0,\"openpopup\":false,\"openpopup_id\":0}' \/><div class=\"wpcf7-response-output\" aria-hidden=\"true\"><\/div><\/form><\/div>[\/vc_column][\/vc_row][vc_row][vc_column width=&#8221;1\/6&#8243; css=&#8221;.vc_custom_1670265251586{padding-right: 250px !important;}&#8221; offset=&#8221;vc_hidden-lg vc_hidden-md&#8221;][\/vc_column][vc_column width=&#8221;1\/2&#8243; offset=&#8221;vc_hidden-lg vc_hidden-md&#8221;]\n\t\t<div class=\"feature-box-small-icon \">\n        <span class=\"icon\">\n        \t<i class=\"icon_clock_alt id-color\"><\/i>\n        <\/span>\n        <div class=\"text\">\n            <h3><\/h3>\n            <span lang=\"es-ES\">El C\u00f3digo Fiscal de la Ciudad de M\u00e9xico establece diversos mecanismos con los que los contribuyentes pueden lograr reducciones importantes en el impuesto predial de sus propiedades, como por ejemplo:<\/span><\/p>\n<ul>\n<li><span lang=\"es-ES\">Levantamiento topogr\u00e1fico. Es un proceso en el que la Tesorer\u00eda revisa las caracter\u00edsticas del inmueble, a fin de logra la disminuci\u00f3n del valor catastral de la propiedad, lo que lleva a la reducci\u00f3n del impuesto.<\/span><\/li>\n<\/ul>\n<ul>\n<li><span lang=\"es-ES\">Reducci\u00f3n para personas de 60 a\u00f1os o m\u00e1s.<\/span><\/li>\n<\/ul>\n<ul>\n<li><span lang=\"es-ES\">Incentivo por \u00e1rea libre.<\/span><\/li>\n<\/ul>\n<ul>\n<li><span lang=\"es-ES\">Incentivos por temas ambientales.<\/span><\/li>\n<\/ul>\n<p><span lang=\"es-ES\">Podemos ayudarle a obtener estas reducciones en el impuesto predial de sus inmuebles.<\/span>        <\/div>\n    <\/div>\n    \n[\/vc_column][vc_column width=&#8221;1\/3&#8243; offset=&#8221;vc_hidden-lg vc_hidden-md&#8221;]<div role=\"form\" class=\"wpcf7\" id=\"wpcf7-f2995-o2\" lang=\"en-US\" dir=\"ltr\">\n<div class=\"screen-reader-response\"><p role=\"status\" aria-live=\"polite\" aria-atomic=\"true\"><\/p> <ul><\/ul><\/div>\n<form action=\"\/index.php?rest_route=%2Fwp%2Fv2%2Fpages%2F2928#wpcf7-f2995-o2\" method=\"post\" class=\"wpcf7-form init\" novalidate=\"novalidate\" data-status=\"init\">\n<div style=\"display: none;\">\n<input type=\"hidden\" name=\"_wpcf7\" value=\"2995\" \/>\n<input type=\"hidden\" name=\"_wpcf7_version\" value=\"5.5.6.1\" \/>\n<input type=\"hidden\" name=\"_wpcf7_locale\" value=\"en_US\" \/>\n<input type=\"hidden\" name=\"_wpcf7_unit_tag\" value=\"wpcf7-f2995-o2\" \/>\n<input type=\"hidden\" name=\"_wpcf7_container_post\" value=\"0\" \/>\n<input type=\"hidden\" name=\"_wpcf7_posted_data_hash\" value=\"\" \/>\n<\/div>\n<div id='contact_form' class=\"padding30\" data-bgcolor=\"#f5f5f5\">\n<h3>AGENDA UNA CITA<span class=\"tiny-border\"><\/span><\/h3>\n<div class=\"row\">\n<div class=\"col-md-12\">\n<div id='name_error' class='error'>Introduce los datos correctamente.<\/div>\n<div>\n\t\t\t\t<span class=\"wpcf7-form-control-wrap your-name\"><input type=\"text\" name=\"your-name\" value=\"\" size=\"40\" class=\"wpcf7-form-control wpcf7-text wpcf7-validates-as-required form-control\" aria-required=\"true\" aria-invalid=\"false\" placeholder=\"Nombre\" \/><\/span>\n\t\t\t<\/div>\n<div>\n\t\t\t\t<span class=\"wpcf7-form-control-wrap your-phone\"><input type=\"tel\" name=\"your-phone\" value=\"\" size=\"40\" class=\"wpcf7-form-control wpcf7-text wpcf7-tel wpcf7-validates-as-tel form-control\" aria-invalid=\"false\" placeholder=\"Tel\u00e9fono\" \/><\/span>\n\t\t\t<\/div>\n<div>\n\t\t\t\t<span class=\"wpcf7-form-control-wrap your-email\"><input type=\"email\" name=\"your-email\" value=\"\" size=\"40\" class=\"wpcf7-form-control wpcf7-text wpcf7-email wpcf7-validates-as-required wpcf7-validates-as-email form-control\" aria-required=\"true\" aria-invalid=\"false\" placeholder=\"Email\" \/><\/span>\n\t\t\t<\/div>\n<\/div>\n<div class=\"col-md-12\">\n<div id='submit'>\n\t\t\t\t<input type=\"submit\" value=\"ENVIAR\" class=\"wpcf7-form-control has-spinner wpcf7-submit btn btn-line\" \/>\n\t\t\t<\/div>\n<\/div>\n<\/div>\n<\/div>\n<input type='hidden' class='wpcf7-pum' value='{\"closepopup\":false,\"closedelay\":0,\"openpopup\":false,\"openpopup_id\":0}' \/><div class=\"wpcf7-response-output\" aria-hidden=\"true\"><\/div><\/form><\/div>[\/vc_column][\/vc_row][vc_row][vc_column][\/vc_column][\/vc_row]<\/p>\n","protected":false},"excerpt":{"rendered":"<p>[vc_row css=&#8221;.vc_custom_1641323972079{margin-bottom: -80px !important;}&#8221;][vc_column width=&#8221;1\/4&#8243;][\/vc_column][vc_column width=&#8221;1\/2&#8243;][vc_column_text] REDUCCI\u00d3N PREDIAL CDMX [\/vc_column_text][\/vc_column][vc_column width=&#8221;1\/4&#8243;][\/vc_column][\/vc_row][vc_row el_id=&#8221;whoweare&#8221;][vc_column width=&#8221;1\/6&#8243; css=&#8221;.vc_custom_1670265280770{padding-right: 250px !important;}&#8221; el_id=&#8221;whoweareiconbox&#8221; offset=&#8221;vc_hidden-sm vc_hidden-xs&#8221;][\/vc_column][vc_column width=&#8221;1\/2&#8243; offset=&#8221;vc_hidden-sm vc_hidden-xs&#8221;][vc_empty_space][\/vc_column][vc_column width=&#8221;1\/3&#8243; offset=&#8221;vc_hidden-sm vc_hidden-xs&#8221;][\/vc_column][\/vc_row][vc_row][vc_column width=&#8221;1\/6&#8243; css=&#8221;.vc_custom_1670265251586{padding-right: 250px !important;}&#8221; offset=&#8221;vc_hidden-lg vc_hidden-md&#8221;][\/vc_column][vc_column width=&#8221;1\/2&#8243; offset=&#8221;vc_hidden-lg vc_hidden-md&#8221;][\/vc_column][vc_column width=&#8221;1\/3&#8243; offset=&#8221;vc_hidden-lg vc_hidden-md&#8221;][\/vc_column][\/vc_row][vc_row][vc_column][\/vc_column][\/vc_row]<\/p>\n","protected":false},"author":1,"featured_media":0,"parent":0,"menu_order":0,"comment_status":"closed","ping_status":"closed","template":"page-templates\/template-fullwidth.php","meta":{"footnotes":""},"class_list":["post-2928","page","type-page","status-publish","hentry"],"_links":{"self":[{"href":"https:\/\/bukoveczandmunoz.mx\/index.php?rest_route=\/wp\/v2\/pages\/2928","targetHints":{"allow":["GET"]}}],"collection":[{"href":"https:\/\/bukoveczandmunoz.mx\/index.php?rest_route=\/wp\/v2\/pages"}],"about":[{"href":"https:\/\/bukoveczandmunoz.mx\/index.php?rest_route=\/wp\/v2\/types\/page"}],"author":[{"embeddable":true,"href":"https:\/\/bukoveczandmunoz.mx\/index.php?rest_route=\/wp\/v2\/users\/1"}],"replies":[{"embeddable":true,"href":"https:\/\/bukoveczandmunoz.mx\/index.php?rest_route=%2Fwp%2Fv2%2Fcomments&post=2928"}],"version-history":[{"count":5,"href":"https:\/\/bukoveczandmunoz.mx\/index.php?rest_route=\/wp\/v2\/pages\/2928\/revisions"}],"predecessor-version":[{"id":3172,"href":"https:\/\/bukoveczandmunoz.mx\/index.php?rest_route=\/wp\/v2\/pages\/2928\/revisions\/3172"}],"wp:attachment":[{"href":"https:\/\/bukoveczandmunoz.mx\/index.php?rest_route=%2Fwp%2Fv2%2Fmedia&parent=2928"}],"curies":[{"name":"wp","href":"https:\/\/api.w.org\/{rel}","templated":true}]}}